{"id":3833,"date":"2024-05-21T10:05:16","date_gmt":"2024-05-21T08:05:16","guid":{"rendered":"https:\/\/www.lodgesneartherhine.com\/aaa-nieuw-bezienswaardigheden\/"},"modified":"2024-06-09T19:20:24","modified_gmt":"2024-06-09T17:20:24","slug":"sehenswuerdigkeiten","status":"publish","type":"page","link":"https:\/\/www.lodgesneartherhine.com\/de\/sehenswuerdigkeiten\/","title":{"rendered":"Sehensw\u00fcrdigkeiten"},"content":{"rendered":"\t\t<div data-elementor-type=\"wp-page\" data-elementor-id=\"3833\" class=\"elementor elementor-3833 elementor-2296\" data-elementor-post-type=\"page\">\n\t\t\t\t<div class=\"elementor-element elementor-element-d50e335 e-flex e-con-boxed e-con e-parent\" data-id=\"d50e335\" data-element_type=\"container\" data-e-type=\"container\">\n\t\t\t\t\t<div class=\"e-con-inner\">\n\t\t<div class=\"elementor-element elementor-element-7ca4fde e-flex e-con-boxed e-con e-child\" data-id=\"7ca4fde\" data-element_type=\"container\" data-e-type=\"container\" data-settings=\"{&quot;background_background&quot;:&quot;slideshow&quot;,&quot;background_slideshow_gallery&quot;:[{&quot;id&quot;:3776,&quot;url&quot;:&quot;https:\\\/\\\/www.lodgesneartherhine.com\\\/wp-content\\\/uploads\\\/2024\\\/05\\\/Depositphotos_268696416_L.jpg&quot;},{&quot;id&quot;:4354,&quot;url&quot;:&quot;https:\\\/\\\/www.lodgesneartherhine.com\\\/wp-content\\\/uploads\\\/2024\\\/06\\\/Duinrell-Dragonfly.jpg&quot;},{&quot;id&quot;:4361,&quot;url&quot;:&quot;https:\\\/\\\/www.lodgesneartherhine.com\\\/wp-content\\\/uploads\\\/2024\\\/06\\\/Kinderdijk-scaled-e1717953609332.jpg&quot;},{&quot;id&quot;:3770,&quot;url&quot;:&quot;https:\\\/\\\/www.lodgesneartherhine.com\\\/wp-content\\\/uploads\\\/2024\\\/05\\\/Depositphotos_314203786_L.jpg&quot;}],&quot;background_slideshow_loop&quot;:&quot;yes&quot;,&quot;background_slideshow_slide_duration&quot;:5000,&quot;background_slideshow_slide_transition&quot;:&quot;fade&quot;,&quot;background_slideshow_transition_duration&quot;:500}\">\n\t\t\t\t\t<div class=\"e-con-inner\">\n\t\t\t\t\t<\/div>\n\t\t\t\t<\/div>\n\t\t\t\t\t<\/div>\n\t\t\t\t<\/div>\n\t\t<div class=\"elementor-element elementor-element-c1993b3 e-flex e-con-boxed e-con e-parent\" data-id=\"c1993b3\" data-element_type=\"container\" data-e-type=\"container\" data-settings=\"{&quot;background_background&quot;:&quot;classic&quot;}\">\n\t\t\t\t\t<div class=\"e-con-inner\">\n\t\t<div class=\"elementor-element elementor-element-8331b8a e-flex e-con-boxed e-con e-child\" data-id=\"8331b8a\" data-element_type=\"container\" data-e-type=\"container\" data-settings=\"{&quot;background_background&quot;:&quot;classic&quot;}\">\n\t\t\t\t\t<div class=\"e-con-inner\">\n\t\t\t\t<div class=\"elementor-element elementor-element-743b0a6 elementor-widget elementor-widget-heading\" data-id=\"743b0a6\" data-element_type=\"widget\" data-e-type=\"widget\" data-widget_type=\"heading.default\">\n\t\t\t\t<div class=\"elementor-widget-container\">\n\t\t\t\t\t<h2 class=\"elementor-heading-title elementor-size-default\">Genie\u00dfen Sie die<\/h2>\t\t\t\t<\/div>\n\t\t\t\t<\/div>\n\t\t\t\t<div class=\"elementor-element elementor-element-92a5bcc elementor-widget elementor-widget-heading\" data-id=\"92a5bcc\" data-element_type=\"widget\" data-e-type=\"widget\" data-widget_type=\"heading.default\">\n\t\t\t\t<div class=\"elementor-widget-container\">\n\t\t\t\t\t<h2 class=\"elementor-heading-title elementor-size-default\">Sehensw\u00fcrdigkeiten<\/h2>\t\t\t\t<\/div>\n\t\t\t\t<\/div>\n\t\t\t\t<div class=\"elementor-element elementor-element-f2835c2 elementor-widget elementor-widget-text-editor\" data-id=\"f2835c2\" data-element_type=\"widget\" data-e-type=\"widget\" data-widget_type=\"text-editor.default\">\n\t\t\t\t<div class=\"elementor-widget-container\">\n\t\t\t\t\t\t\t\t\t<p>Erkunden Sie die charmanten Windm\u00fchlen von Kinderdijk, schlendern Sie durch die historischen Stra\u00dfen des Archeon oder bewundern Sie das majest\u00e4tische Schloss Muiderslot. Erleben Sie Abenteuer im Freizeitpark Duinrell, sp\u00fcren Sie die Geschwindigkeit auf dem Circuit Zandvoort oder tauchen Sie in die Geschichte im Schloss de Haar ein. F\u00fcr Blumenliebhaber ist ein Besuch der FloraHolland Blumenversteigerung ein Muss. Und vergessen Sie nicht, die bezaubernde Umgebung des &#8218;Gr\u00fcnen Herzens&#8216; zu erkunden, wo Natur und Kultur aufeinandertreffen. Egal, ob Sie nach Geschichte, Kultur, Natur oder Abenteuer suchen, unsere Gegend hat f\u00fcr jeden etwas zu bieten!<\/p>\n\t\t\t\t\t\t\t\t<\/div>\n\t\t\t\t<\/div>\n\t\t\t\t<div class=\"elementor-element elementor-element-69ea241 elementor-align-center elementor-widget elementor-widget-button\" data-id=\"69ea241\" data-element_type=\"widget\" data-e-type=\"widget\" data-widget_type=\"button.default\">\n\t\t\t\t<div class=\"elementor-widget-container\">\n\t\t\t\t\t\t\t\t\t<div class=\"elementor-button-wrapper\">\n\t\t\t\t\t<a class=\"elementor-button elementor-button-link elementor-size-sm elementor-animation-grow\" href=\"https:\/\/www.lodgesneartherhine.com\/de\/reservierung\/\">\n\t\t\t\t\t\t<span class=\"elementor-button-content-wrapper\">\n\t\t\t\t\t\t<span class=\"elementor-button-icon\">\n\t\t\t\t<i aria-hidden=\"true\" class=\"far fa-calendar-check\"><\/i>\t\t\t<\/span>\n\t\t\t\t\t\t\t\t\t<span class=\"elementor-button-text\">Buchen Sie jetzt!<\/span>\n\t\t\t\t\t<\/span>\n\t\t\t\t\t<\/a>\n\t\t\t\t<\/div>\n\t\t\t\t\t\t\t\t<\/div>\n\t\t\t\t<\/div>\n\t\t\t\t\t<\/div>\n\t\t\t\t<\/div>\n\t\t\t\t\t<\/div>\n\t\t\t\t<\/div>\n\t\t<div class=\"elementor-element elementor-element-b03c6a2 e-flex e-con-boxed e-con e-parent\" data-id=\"b03c6a2\" data-element_type=\"container\" data-e-type=\"container\">\n\t\t\t\t\t<div class=\"e-con-inner\">\n\t\t<div class=\"elementor-element elementor-element-befe0e8 e-flex e-con-boxed e-con e-child\" data-id=\"befe0e8\" data-element_type=\"container\" data-e-type=\"container\">\n\t\t\t\t\t<div class=\"e-con-inner\">\n\t\t<div class=\"elementor-element elementor-element-e6f24fd e-flex e-con-boxed e-con e-child\" data-id=\"e6f24fd\" data-element_type=\"container\" data-e-type=\"container\" data-settings=\"{&quot;background_background&quot;:&quot;classic&quot;}\">\n\t\t\t\t\t<div class=\"e-con-inner\">\n\t\t\t\t<div class=\"elementor-element elementor-element-abce6fe elementor-widget elementor-widget-heading\" data-id=\"abce6fe\" data-element_type=\"widget\" data-e-type=\"widget\" data-widget_type=\"heading.default\">\n\t\t\t\t<div class=\"elementor-widget-container\">\n\t\t\t\t\t<h2 class=\"elementor-heading-title elementor-size-default\">WAS GIBT ES IN DER<\/h2>\t\t\t\t<\/div>\n\t\t\t\t<\/div>\n\t\t\t\t<div class=\"elementor-element elementor-element-cf95050 elementor-widget elementor-widget-heading\" data-id=\"cf95050\" data-element_type=\"widget\" data-e-type=\"widget\" data-widget_type=\"heading.default\">\n\t\t\t\t<div class=\"elementor-widget-container\">\n\t\t\t\t\t<h2 class=\"elementor-heading-title elementor-size-default\">UMGEBUNG<\/h2>\t\t\t\t<\/div>\n\t\t\t\t<\/div>\n\t\t<div class=\"elementor-element elementor-element-5ff8067 e-flex e-con-boxed e-con e-child\" data-id=\"5ff8067\" data-element_type=\"container\" data-e-type=\"container\">\n\t\t\t\t\t<div class=\"e-con-inner\">\n\t\t<div class=\"elementor-element elementor-element-b193424 e-flex e-con-boxed e-con e-child\" data-id=\"b193424\" data-element_type=\"container\" data-e-type=\"container\">\n\t\t\t\t\t<div class=\"e-con-inner\">\n\t\t<div class=\"elementor-element elementor-element-39bf47a e-flex e-con-boxed e-con e-child\" data-id=\"39bf47a\" data-element_type=\"container\" data-e-type=\"container\">\n\t\t\t\t\t<div class=\"e-con-inner\">\n\t\t\t\t<div class=\"elementor-element elementor-element-428f299 elementor-widget elementor-widget-image\" data-id=\"428f299\" data-element_type=\"widget\" data-e-type=\"widget\" data-widget_type=\"image.default\">\n\t\t\t\t<div class=\"elementor-widget-container\">\n\t\t\t\t\t\t\t\t\t\t\t\t<figure class=\"wp-caption\">\n\t\t\t\t\t\t\t\t\t\t\t<a href=\"https:\/\/www.groenehart.nl\/the-green-heart-of-holland\" target=\"_blank\">\n\t\t\t\t\t\t\t<img fetchpriority=\"high\" decoding=\"async\" width=\"240\" height=\"240\" src=\"https:\/\/www.lodgesneartherhine.com\/wp-content\/uploads\/2020\/02\/Fietsroutes.jpg\" class=\"attachment-large size-large wp-image-3070\" alt=\"\" srcset=\"https:\/\/www.lodgesneartherhine.com\/wp-content\/uploads\/2020\/02\/Fietsroutes.jpg 240w, https:\/\/www.lodgesneartherhine.com\/wp-content\/uploads\/2020\/02\/Fietsroutes-150x150.jpg 150w\" sizes=\"(max-width: 240px) 100vw, 240px\" \/>\t\t\t\t\t\t\t\t<\/a>\n\t\t\t\t\t\t\t\t\t\t\t<figcaption class=\"widget-image-caption wp-caption-text\">'t Groene Hart<\/figcaption>\n\t\t\t\t\t\t\t\t\t\t<\/figure>\n\t\t\t\t\t\t\t\t\t<\/div>\n\t\t\t\t<\/div>\n\t\t\t\t\t<\/div>\n\t\t\t\t<\/div>\n\t\t<div class=\"elementor-element elementor-element-3798141 e-flex e-con-boxed e-con e-child\" data-id=\"3798141\" data-element_type=\"container\" data-e-type=\"container\">\n\t\t\t\t\t<div class=\"e-con-inner\">\n\t\t\t\t<div class=\"elementor-element elementor-element-afb11e6 elementor-widget elementor-widget-image\" data-id=\"afb11e6\" data-element_type=\"widget\" data-e-type=\"widget\" data-widget_type=\"image.default\">\n\t\t\t\t<div class=\"elementor-widget-container\">\n\t\t\t\t\t\t\t\t\t\t\t\t<figure class=\"wp-caption\">\n\t\t\t\t\t\t\t\t\t\t\t<a href=\"https:\/\/kinderdijk.com\/\" target=\"_blank\">\n\t\t\t\t\t\t\t<img decoding=\"async\" width=\"240\" height=\"240\" src=\"https:\/\/www.lodgesneartherhine.com\/wp-content\/uploads\/2020\/02\/Kinderdijk.jpg\" class=\"attachment-large size-large wp-image-3091\" alt=\"\" srcset=\"https:\/\/www.lodgesneartherhine.com\/wp-content\/uploads\/2020\/02\/Kinderdijk.jpg 240w, https:\/\/www.lodgesneartherhine.com\/wp-content\/uploads\/2020\/02\/Kinderdijk-150x150.jpg 150w\" sizes=\"(max-width: 240px) 100vw, 240px\" \/>\t\t\t\t\t\t\t\t<\/a>\n\t\t\t\t\t\t\t\t\t\t\t<figcaption class=\"widget-image-caption wp-caption-text\">Kinderdijk<\/figcaption>\n\t\t\t\t\t\t\t\t\t\t<\/figure>\n\t\t\t\t\t\t\t\t\t<\/div>\n\t\t\t\t<\/div>\n\t\t\t\t\t<\/div>\n\t\t\t\t<\/div>\n\t\t\t\t\t<\/div>\n\t\t\t\t<\/div>\n\t\t<div class=\"elementor-element elementor-element-8d3d942 e-flex e-con-boxed e-con e-child\" data-id=\"8d3d942\" data-element_type=\"container\" data-e-type=\"container\">\n\t\t\t\t\t<div class=\"e-con-inner\">\n\t\t<div class=\"elementor-element elementor-element-0867e65 e-flex e-con-boxed e-con e-child\" data-id=\"0867e65\" data-element_type=\"container\" data-e-type=\"container\">\n\t\t\t\t\t<div class=\"e-con-inner\">\n\t\t\t\t<div class=\"elementor-element elementor-element-1ec4173 elementor-widget elementor-widget-image\" data-id=\"1ec4173\" data-element_type=\"widget\" data-e-type=\"widget\" data-widget_type=\"image.default\">\n\t\t\t\t<div class=\"elementor-widget-container\">\n\t\t\t\t\t\t\t\t\t\t\t\t<figure class=\"wp-caption\">\n\t\t\t\t\t\t\t\t\t\t\t<a href=\"https:\/\/www.archeon.nl\/en\/home.html\" target=\"_blank\">\n\t\t\t\t\t\t\t<img decoding=\"async\" width=\"240\" height=\"240\" src=\"https:\/\/www.lodgesneartherhine.com\/wp-content\/uploads\/2020\/02\/Archeon.jpg\" class=\"attachment-large size-large wp-image-3133\" alt=\"\" srcset=\"https:\/\/www.lodgesneartherhine.com\/wp-content\/uploads\/2020\/02\/Archeon.jpg 240w, https:\/\/www.lodgesneartherhine.com\/wp-content\/uploads\/2020\/02\/Archeon-150x150.jpg 150w\" sizes=\"(max-width: 240px) 100vw, 240px\" \/>\t\t\t\t\t\t\t\t<\/a>\n\t\t\t\t\t\t\t\t\t\t\t<figcaption class=\"widget-image-caption wp-caption-text\">Archeon<\/figcaption>\n\t\t\t\t\t\t\t\t\t\t<\/figure>\n\t\t\t\t\t\t\t\t\t<\/div>\n\t\t\t\t<\/div>\n\t\t\t\t\t<\/div>\n\t\t\t\t<\/div>\n\t\t<div class=\"elementor-element elementor-element-a0822f6 e-flex e-con-boxed e-con e-child\" data-id=\"a0822f6\" data-element_type=\"container\" data-e-type=\"container\">\n\t\t\t\t\t<div class=\"e-con-inner\">\n\t\t\t\t<div class=\"elementor-element elementor-element-b2bf041 elementor-widget elementor-widget-image\" data-id=\"b2bf041\" data-element_type=\"widget\" data-e-type=\"widget\" data-widget_type=\"image.default\">\n\t\t\t\t<div class=\"elementor-widget-container\">\n\t\t\t\t\t\t\t\t\t\t\t\t<figure class=\"wp-caption\">\n\t\t\t\t\t\t\t\t\t\t\t<a href=\"https:\/\/www.muiderslot.nl\/en\/\" target=\"_blank\">\n\t\t\t\t\t\t\t<img loading=\"lazy\" decoding=\"async\" width=\"240\" height=\"240\" src=\"https:\/\/www.lodgesneartherhine.com\/wp-content\/uploads\/2020\/02\/Muiderslot.jpg\" class=\"attachment-large size-large wp-image-3097\" alt=\"\" srcset=\"https:\/\/www.lodgesneartherhine.com\/wp-content\/uploads\/2020\/02\/Muiderslot.jpg 240w, https:\/\/www.lodgesneartherhine.com\/wp-content\/uploads\/2020\/02\/Muiderslot-150x150.jpg 150w\" sizes=\"(max-width: 240px) 100vw, 240px\" \/>\t\t\t\t\t\t\t\t<\/a>\n\t\t\t\t\t\t\t\t\t\t\t<figcaption class=\"widget-image-caption wp-caption-text\">Schloss Muiderslot<\/figcaption>\n\t\t\t\t\t\t\t\t\t\t<\/figure>\n\t\t\t\t\t\t\t\t\t<\/div>\n\t\t\t\t<\/div>\n\t\t\t\t\t<\/div>\n\t\t\t\t<\/div>\n\t\t\t\t\t<\/div>\n\t\t\t\t<\/div>\n\t\t\t\t\t<\/div>\n\t\t\t\t<\/div>\n\t\t<div class=\"elementor-element elementor-element-8929a53 e-flex e-con-boxed e-con e-child\" data-id=\"8929a53\" data-element_type=\"container\" data-e-type=\"container\">\n\t\t\t\t\t<div class=\"e-con-inner\">\n\t\t<div class=\"elementor-element elementor-element-ce77dde e-flex e-con-boxed e-con e-child\" data-id=\"ce77dde\" data-element_type=\"container\" data-e-type=\"container\">\n\t\t\t\t\t<div class=\"e-con-inner\">\n\t\t<div class=\"elementor-element elementor-element-3c6916f e-flex e-con-boxed e-con e-child\" data-id=\"3c6916f\" data-element_type=\"container\" data-e-type=\"container\">\n\t\t\t\t\t<div class=\"e-con-inner\">\n\t\t\t\t<div class=\"elementor-element elementor-element-6371bb2 elementor-widget elementor-widget-image\" data-id=\"6371bb2\" data-element_type=\"widget\" data-e-type=\"widget\" data-widget_type=\"image.default\">\n\t\t\t\t<div class=\"elementor-widget-container\">\n\t\t\t\t\t\t\t\t\t\t\t\t<figure class=\"wp-caption\">\n\t\t\t\t\t\t\t\t\t\t\t<a href=\"https:\/\/www.schiphol.nl\/en\/\" target=\"_blank\">\n\t\t\t\t\t\t\t<img loading=\"lazy\" decoding=\"async\" width=\"240\" height=\"240\" src=\"https:\/\/www.lodgesneartherhine.com\/wp-content\/uploads\/2020\/02\/Schiphol.jpg\" class=\"attachment-large size-large wp-image-3106\" alt=\"\" srcset=\"https:\/\/www.lodgesneartherhine.com\/wp-content\/uploads\/2020\/02\/Schiphol.jpg 240w, https:\/\/www.lodgesneartherhine.com\/wp-content\/uploads\/2020\/02\/Schiphol-150x150.jpg 150w\" sizes=\"(max-width: 240px) 100vw, 240px\" \/>\t\t\t\t\t\t\t\t<\/a>\n\t\t\t\t\t\t\t\t\t\t\t<figcaption class=\"widget-image-caption wp-caption-text\">Flughafen Schiphol<\/figcaption>\n\t\t\t\t\t\t\t\t\t\t<\/figure>\n\t\t\t\t\t\t\t\t\t<\/div>\n\t\t\t\t<\/div>\n\t\t\t\t\t<\/div>\n\t\t\t\t<\/div>\n\t\t<div class=\"elementor-element elementor-element-8c9961a e-flex e-con-boxed e-con e-child\" data-id=\"8c9961a\" data-element_type=\"container\" data-e-type=\"container\">\n\t\t\t\t\t<div class=\"e-con-inner\">\n\t\t\t\t<div class=\"elementor-element elementor-element-65653f1 elementor-widget elementor-widget-image\" data-id=\"65653f1\" data-element_type=\"widget\" data-e-type=\"widget\" data-widget_type=\"image.default\">\n\t\t\t\t<div class=\"elementor-widget-container\">\n\t\t\t\t\t\t\t\t\t\t\t\t<figure class=\"wp-caption\">\n\t\t\t\t\t\t\t\t\t\t\t<a href=\"https:\/\/www.circuitzandvoort.nl\/en\/\" target=\"_blank\">\n\t\t\t\t\t\t\t<img loading=\"lazy\" decoding=\"async\" width=\"240\" height=\"240\" src=\"https:\/\/www.lodgesneartherhine.com\/wp-content\/uploads\/2020\/02\/Zandvoort.jpg\" class=\"attachment-large size-large wp-image-3124\" alt=\"\" srcset=\"https:\/\/www.lodgesneartherhine.com\/wp-content\/uploads\/2020\/02\/Zandvoort.jpg 240w, https:\/\/www.lodgesneartherhine.com\/wp-content\/uploads\/2020\/02\/Zandvoort-150x150.jpg 150w\" sizes=\"(max-width: 240px) 100vw, 240px\" \/>\t\t\t\t\t\t\t\t<\/a>\n\t\t\t\t\t\t\t\t\t\t\t<figcaption class=\"widget-image-caption wp-caption-text\">Rennstrecke Zandvoort<\/figcaption>\n\t\t\t\t\t\t\t\t\t\t<\/figure>\n\t\t\t\t\t\t\t\t\t<\/div>\n\t\t\t\t<\/div>\n\t\t\t\t\t<\/div>\n\t\t\t\t<\/div>\n\t\t\t\t\t<\/div>\n\t\t\t\t<\/div>\n\t\t<div class=\"elementor-element elementor-element-48db294 e-flex e-con-boxed e-con e-child\" data-id=\"48db294\" data-element_type=\"container\" data-e-type=\"container\">\n\t\t\t\t\t<div class=\"e-con-inner\">\n\t\t<div class=\"elementor-element elementor-element-1089d27 e-flex e-con-boxed e-con e-child\" data-id=\"1089d27\" data-element_type=\"container\" data-e-type=\"container\">\n\t\t\t\t\t<div class=\"e-con-inner\">\n\t\t\t\t<div class=\"elementor-element elementor-element-a3c0f9f elementor-widget elementor-widget-image\" data-id=\"a3c0f9f\" data-element_type=\"widget\" data-e-type=\"widget\" data-widget_type=\"image.default\">\n\t\t\t\t<div class=\"elementor-widget-container\">\n\t\t\t\t\t\t\t\t\t\t\t\t<figure class=\"wp-caption\">\n\t\t\t\t\t\t\t\t\t\t\t<a href=\"https:\/\/heksenwaag.nl\/de\/\" target=\"_blank\">\n\t\t\t\t\t\t\t<img loading=\"lazy\" decoding=\"async\" width=\"240\" height=\"240\" src=\"https:\/\/www.lodgesneartherhine.com\/wp-content\/uploads\/2020\/02\/Heksenwaag.jpg\" class=\"attachment-large size-large wp-image-3079\" alt=\"\" srcset=\"https:\/\/www.lodgesneartherhine.com\/wp-content\/uploads\/2020\/02\/Heksenwaag.jpg 240w, https:\/\/www.lodgesneartherhine.com\/wp-content\/uploads\/2020\/02\/Heksenwaag-150x150.jpg 150w\" sizes=\"(max-width: 240px) 100vw, 240px\" \/>\t\t\t\t\t\t\t\t<\/a>\n\t\t\t\t\t\t\t\t\t\t\t<figcaption class=\"widget-image-caption wp-caption-text\">Oudewaard<\/figcaption>\n\t\t\t\t\t\t\t\t\t\t<\/figure>\n\t\t\t\t\t\t\t\t\t<\/div>\n\t\t\t\t<\/div>\n\t\t\t\t\t<\/div>\n\t\t\t\t<\/div>\n\t\t<div class=\"elementor-element elementor-element-0dc2917 e-flex e-con-boxed e-con e-child\" data-id=\"0dc2917\" data-element_type=\"container\" data-e-type=\"container\">\n\t\t\t\t\t<div class=\"e-con-inner\">\n\t\t\t\t<div class=\"elementor-element elementor-element-b94ec22 elementor-widget elementor-widget-image\" data-id=\"b94ec22\" data-element_type=\"widget\" data-e-type=\"widget\" data-widget_type=\"image.default\">\n\t\t\t\t<div class=\"elementor-widget-container\">\n\t\t\t\t\t\t\t\t\t\t\t\t<figure class=\"wp-caption\">\n\t\t\t\t\t\t\t\t\t\t\t<a href=\"https:\/\/www.duinrell.com\/\" target=\"_blank\">\n\t\t\t\t\t\t\t<img loading=\"lazy\" decoding=\"async\" width=\"240\" height=\"240\" src=\"https:\/\/www.lodgesneartherhine.com\/wp-content\/uploads\/2020\/02\/Duinrell.jpg\" class=\"attachment-large size-large wp-image-3067\" alt=\"\" srcset=\"https:\/\/www.lodgesneartherhine.com\/wp-content\/uploads\/2020\/02\/Duinrell.jpg 240w, https:\/\/www.lodgesneartherhine.com\/wp-content\/uploads\/2020\/02\/Duinrell-150x150.jpg 150w\" sizes=\"(max-width: 240px) 100vw, 240px\" \/>\t\t\t\t\t\t\t\t<\/a>\n\t\t\t\t\t\t\t\t\t\t\t<figcaption class=\"widget-image-caption wp-caption-text\">Duinrell<\/figcaption>\n\t\t\t\t\t\t\t\t\t\t<\/figure>\n\t\t\t\t\t\t\t\t\t<\/div>\n\t\t\t\t<\/div>\n\t\t\t\t\t<\/div>\n\t\t\t\t<\/div>\n\t\t\t\t\t<\/div>\n\t\t\t\t<\/div>\n\t\t\t\t\t<\/div>\n\t\t\t\t<\/div>\n\t\t<div class=\"elementor-element elementor-element-1dc3015 e-flex e-con-boxed e-con e-child\" data-id=\"1dc3015\" data-element_type=\"container\" data-e-type=\"container\">\n\t\t\t\t\t<div class=\"e-con-inner\">\n\t\t<div class=\"elementor-element elementor-element-7f4c0bb e-flex e-con-boxed e-con e-child\" data-id=\"7f4c0bb\" data-element_type=\"container\" data-e-type=\"container\">\n\t\t\t\t\t<div class=\"e-con-inner\">\n\t\t<div class=\"elementor-element elementor-element-dc9c077 e-flex e-con-boxed e-con e-child\" data-id=\"dc9c077\" data-element_type=\"container\" data-e-type=\"container\">\n\t\t\t\t\t<div class=\"e-con-inner\">\n\t\t\t\t<div class=\"elementor-element elementor-element-ee783e9 elementor-widget elementor-widget-image\" data-id=\"ee783e9\" data-element_type=\"widget\" data-e-type=\"widget\" data-widget_type=\"image.default\">\n\t\t\t\t<div class=\"elementor-widget-container\">\n\t\t\t\t\t\t\t\t\t\t\t\t<figure class=\"wp-caption\">\n\t\t\t\t\t\t\t\t\t\t\t<a href=\"https:\/\/www.kasteeldehaar.nl\/english\/\" target=\"_blank\">\n\t\t\t\t\t\t\t<img loading=\"lazy\" decoding=\"async\" width=\"240\" height=\"240\" src=\"https:\/\/www.lodgesneartherhine.com\/wp-content\/uploads\/2020\/02\/Kasteel-de-Haar-1.jpg\" class=\"attachment-large size-large wp-image-3085\" alt=\"\" srcset=\"https:\/\/www.lodgesneartherhine.com\/wp-content\/uploads\/2020\/02\/Kasteel-de-Haar-1.jpg 240w, https:\/\/www.lodgesneartherhine.com\/wp-content\/uploads\/2020\/02\/Kasteel-de-Haar-1-150x150.jpg 150w\" sizes=\"(max-width: 240px) 100vw, 240px\" \/>\t\t\t\t\t\t\t\t<\/a>\n\t\t\t\t\t\t\t\t\t\t\t<figcaption class=\"widget-image-caption wp-caption-text\">Schloss de Haar<\/figcaption>\n\t\t\t\t\t\t\t\t\t\t<\/figure>\n\t\t\t\t\t\t\t\t\t<\/div>\n\t\t\t\t<\/div>\n\t\t\t\t\t<\/div>\n\t\t\t\t<\/div>\n\t\t<div class=\"elementor-element elementor-element-f475538 e-flex e-con-boxed e-con e-child\" data-id=\"f475538\" data-element_type=\"container\" data-e-type=\"container\">\n\t\t\t\t\t<div class=\"e-con-inner\">\n\t\t\t\t<div class=\"elementor-element elementor-element-d9cf918 elementor-widget elementor-widget-image\" data-id=\"d9cf918\" data-element_type=\"widget\" data-e-type=\"widget\" data-widget_type=\"image.default\">\n\t\t\t\t<div class=\"elementor-widget-container\">\n\t\t\t\t\t\t\t\t\t\t\t\t<figure class=\"wp-caption\">\n\t\t\t\t\t\t\t\t\t\t\t<a href=\"https:\/\/www.royalfloraholland.com\/en\" target=\"_blank\">\n\t\t\t\t\t\t\t<img loading=\"lazy\" decoding=\"async\" width=\"240\" height=\"240\" src=\"https:\/\/www.lodgesneartherhine.com\/wp-content\/uploads\/2020\/02\/Flora-Holland.jpg\" class=\"attachment-large size-large wp-image-3073\" alt=\"\" srcset=\"https:\/\/www.lodgesneartherhine.com\/wp-content\/uploads\/2020\/02\/Flora-Holland.jpg 240w, https:\/\/www.lodgesneartherhine.com\/wp-content\/uploads\/2020\/02\/Flora-Holland-150x150.jpg 150w\" sizes=\"(max-width: 240px) 100vw, 240px\" \/>\t\t\t\t\t\t\t\t<\/a>\n\t\t\t\t\t\t\t\t\t\t\t<figcaption class=\"widget-image-caption wp-caption-text\">Blumenversteigerung<\/figcaption>\n\t\t\t\t\t\t\t\t\t\t<\/figure>\n\t\t\t\t\t\t\t\t\t<\/div>\n\t\t\t\t<\/div>\n\t\t\t\t\t<\/div>\n\t\t\t\t<\/div>\n\t\t\t\t\t<\/div>\n\t\t\t\t<\/div>\n\t\t<div class=\"elementor-element elementor-element-360f9c3 elementor-hidden-tablet elementor-hidden-mobile e-flex e-con-boxed e-con e-child\" data-id=\"360f9c3\" data-element_type=\"container\" data-e-type=\"container\">\n\t\t\t\t\t<div class=\"e-con-inner\">\n\t\t<div class=\"elementor-element elementor-element-166e27f e-flex e-con-boxed e-con e-child\" data-id=\"166e27f\" data-element_type=\"container\" data-e-type=\"container\">\n\t\t\t\t\t<div class=\"e-con-inner\">\n\t\t\t\t\t<\/div>\n\t\t\t\t<\/div>\n\t\t<div class=\"elementor-element elementor-element-348f862 e-flex e-con-boxed e-con e-child\" data-id=\"348f862\" data-element_type=\"container\" data-e-type=\"container\">\n\t\t\t\t\t<div class=\"e-con-inner\">\n\t\t\t\t\t<\/div>\n\t\t\t\t<\/div>\n\t\t\t\t\t<\/div>\n\t\t\t\t<\/div>\n\t\t\t\t\t<\/div>\n\t\t\t\t<\/div>\n\t\t\t\t\t<\/div>\n\t\t\t\t<\/div>\n\t\t\t\t\t<\/div>\n\t\t\t\t<\/div>\n\t\t\t\t\t<\/div>\n\t\t\t\t<\/div>\n\t\t\t\t<\/div>\n\t\t","protected":false},"excerpt":{"rendered":"<p>Genie\u00dfen Sie die Sehensw\u00fcrdigkeiten Erkunden Sie die charmanten Windm\u00fchlen von Kinderdijk, schlendern Sie durch die historischen Stra\u00dfen des Archeon oder bewundern Sie das majest\u00e4tische Schloss Muiderslot. Erleben Sie Abenteuer im Freizeitpark Duinrell, sp\u00fcren Sie die Geschwindigkeit auf dem Circuit Zandvoort oder tauchen Sie in die Geschichte im Schloss de Haar ein. F\u00fcr Blumenliebhaber ist ein [&hellip;]<\/p>\n","protected":false},"author":2,"featured_media":0,"parent":0,"menu_order":0,"comment_status":"closed","ping_status":"closed","template":"","meta":{"footnotes":""},"class_list":["post-3833","page","type-page","status-publish","hentry"],"_links":{"self":[{"href":"https:\/\/www.lodgesneartherhine.com\/de\/wp-json\/wp\/v2\/pages\/3833","targetHints":{"allow":["GET"]}}],"collection":[{"href":"https:\/\/www.lodgesneartherhine.com\/de\/wp-json\/wp\/v2\/pages"}],"about":[{"href":"https:\/\/www.lodgesneartherhine.com\/de\/wp-json\/wp\/v2\/types\/page"}],"author":[{"embeddable":true,"href":"https:\/\/www.lodgesneartherhine.com\/de\/wp-json\/wp\/v2\/users\/2"}],"replies":[{"embeddable":true,"href":"https:\/\/www.lodgesneartherhine.com\/de\/wp-json\/wp\/v2\/comments?post=3833"}],"version-history":[{"count":27,"href":"https:\/\/www.lodgesneartherhine.com\/de\/wp-json\/wp\/v2\/pages\/3833\/revisions"}],"predecessor-version":[{"id":4370,"href":"https:\/\/www.lodgesneartherhine.com\/de\/wp-json\/wp\/v2\/pages\/3833\/revisions\/4370"}],"wp:attachment":[{"href":"https:\/\/www.lodgesneartherhine.com\/de\/wp-json\/wp\/v2\/media?parent=3833"}],"curies":[{"name":"wp","href":"https:\/\/api.w.org\/{rel}","templated":true}]}}